{"id":95,"date":"2026-01-22T15:41:01","date_gmt":"2026-01-22T14:41:01","guid":{"rendered":"https:\/\/debnaturopathe.com\/?page_id=95"},"modified":"2026-01-22T15:44:38","modified_gmt":"2026-01-22T14:44:38","slug":"massages-bien-etre-naturopathique","status":"publish","type":"page","link":"https:\/\/debnaturopathe.com\/?page_id=95","title":{"rendered":"Massages bien-\u00eatre Naturopathique"},"content":{"rendered":"\n<p>Technique manuelle qui allie relaxation et remise en mouvement globale, personnalis\u00e9e en fonction de vos besoins.<\/p>\n\n\n\n<p><em>Massage \u00e0 vis\u00e9e non th\u00e9rapeutique&nbsp;<\/em><\/p>\n\n\n\n<p>Le massage naturopathique permet d\u2019obtenir une d\u00e9tente profonde du corps ainsi qu\u2019un rel\u00e2chement du mental, permettant une meilleure r\u00e9cup\u00e9ration physique et nerveuse.<\/p>\n\n\n\n<p><strong>Massage dos<\/strong><\/p>\n\n\n\n<ul class=\"wp-block-list\">\n<li><strong><u>Objectifs<\/u><\/strong>\u00a0: Relaxant et apaisant, soulage les douleurs et tensions dorsales\u00a0<\/li>\n\n\n\n<li><strong><u>B\u00e9n\u00e9fices<\/u><\/strong>\u00a0: pr\u00e9vient les blessures, \u00e9vacuation du stress, am\u00e9lioration de l\u2019irrigation des tissus.\u00a0<\/li>\n<\/ul>\n\n\n\n<p>40min : 45\u20ac<\/p>\n\n\n\n<p><strong>Massage ventre<\/strong><\/p>\n\n\n\n<ul class=\"wp-block-list\">\n<li>\u00a0<strong><u>Objetcifs<\/u><\/strong>\u00a0: Apaisement physique et \u00e9motionnel avec effet d\u00e9tox<\/li>\n\n\n\n<li>Id\u00e9al pour les personnes ayant des\u00a0<strong>troubles digestifs<\/strong>\u00a0: constipation, ballonnements, douleurs \/ ayant des\u00a0<strong>inconforts hormonaux<\/strong>\u00a0: r\u00e8gles douloureuses, SPM, endom\u00e9triose, etc\u2026<\/li>\n\n\n\n<li>Pour les b\u00e9b\u00e9s et enfants de -12ans 20 \u00e0 30 minutes 25\u20ac (en pr\u00e9sence d\u2019un ou des parents uniquement)<\/li>\n<\/ul>\n\n\n\n<p>40 min : 45 \u20ac&nbsp;<\/p>\n\n\n\n<p>Le massage du ventre permet de retrouver un apaisement physique et \u00e9motionnel ainsi qu\u2019\u00e0 r\u00e9guler les troubles digestifs.<\/p>\n\n\n\n<p><strong>Massage Californien<\/strong><\/p>\n\n\n\n<ul class=\"wp-block-list\">\n<li><strong><u>Objectifs<\/u><\/strong>\u00a0: Enveloppant, relaxant et soulagement des tensions physiques. Bien-\u00eatre global du corps de l\u2019esprit\u00a0<\/li>\n\n\n\n<li><strong><u>B\u00e9n\u00e9fices<\/u><\/strong>\u00a0: apaisement g\u00e9n\u00e9ral, \u00e9vacuation du stress, am\u00e9lioration de l\u2019irrigation des tissus.<\/li>\n<\/ul>\n\n\n\n<p>60min : 65 \u20ac \/ 90min : 90\u20ac<\/p>\n\n\n\n<p>Pourquoi r\u00e9server un massage bien-\u00eatre ?<\/p>\n\n\n\n<p>Offrez-vous une parenth\u00e8se de pure&nbsp;<strong>qui\u00e9tude<\/strong>&nbsp;et de&nbsp;<strong>revitalisation<\/strong>. Que vous optiez pour le massage californien, v\u00e9ritable invitation \u00e0 la&nbsp;<strong>d\u00e9tente profonde<\/strong>, le massage cibl\u00e9 du dos, destin\u00e9 \u00e0 apaiser vos tensions musculaires, ou le massage du ventre, con\u00e7u pour soulager vos maux, chaque soin est minutieusement \u00e9labor\u00e9 afin de r\u00e9pondre \u00e0&nbsp;<strong>vos besoins<\/strong>&nbsp;sp\u00e9cifiques. Mes techniques de massage stimulent avec d\u00e9licatesse votre circulation sanguine et lymphatique, favorisant ainsi une oxyg\u00e9nation optimale de vos tissus et une \u00e9limination efficace des toxines.<\/p>\n\n\n\n<p>Au-del\u00e0 des b\u00e9n\u00e9fices physiques av\u00e9r\u00e9s, le massage agit \u00e9galement sur votre&nbsp;<strong>bien-\u00eatre mental<\/strong>, r\u00e9duisant avec succ\u00e8s votre niveau de stress et d\u2019anxi\u00e9t\u00e9.<\/p>\n\n\n\n<p>Gr\u00e2ce \u00e0 mon approche personnalis\u00e9e, je vous propose une&nbsp;<strong>exp\u00e9rience sur-mesure<\/strong>, en prenant soin d\u2019appr\u00e9hender vos probl\u00e9matiques et pr\u00e9f\u00e9rences afin de vous offrir un instant de pur relaxation et reconnexion \u00e0 soi.<\/p>\n","protected":false},"excerpt":{"rendered":"<p>Technique manuelle qui allie relaxation et remise en mouvement globale, personnalis\u00e9e en fonction de vos besoins. Massage \u00e0 vis\u00e9e non th\u00e9rapeutique&nbsp; Le massage naturopathique permet d\u2019obtenir une d\u00e9tente profonde du corps ainsi qu\u2019un rel\u00e2chement du mental, permettant une meilleure r\u00e9cup\u00e9ration physique et nerveuse. Massage dos 40min : 45\u20ac Massage ventre 40 min : 45 \u20ac&nbsp; &hellip; <\/p>\n<p class=\"link-more\"><a href=\"https:\/\/debnaturopathe.com\/?page_id=95\" class=\"more-link\">Continue reading<span class=\"screen-reader-text\"> &#8220;Massages bien-\u00eatre Naturopathique&#8221;<\/span><\/a><\/p>\n","protected":false},"author":1,"featured_media":102,"parent":0,"menu_order":0,"comment_status":"closed","ping_status":"closed","template":"","meta":{"footnotes":""},"class_list":["post-95","page","type-page","status-publish","has-post-thumbnail","hentry"],"_links":{"self":[{"href":"https:\/\/debnaturopathe.com\/index.php?rest_route=\/wp\/v2\/pages\/95","targetHints":{"allow":["GET"]}}],"collection":[{"href":"https:\/\/debnaturopathe.com\/index.php?rest_route=\/wp\/v2\/pages"}],"about":[{"href":"https:\/\/debnaturopathe.com\/index.php?rest_route=\/wp\/v2\/types\/page"}],"author":[{"embeddable":true,"href":"https:\/\/debnaturopathe.com\/index.php?rest_route=\/wp\/v2\/users\/1"}],"replies":[{"embeddable":true,"href":"https:\/\/debnaturopathe.com\/index.php?rest_route=%2Fwp%2Fv2%2Fcomments&post=95"}],"version-history":[{"count":1,"href":"https:\/\/debnaturopathe.com\/index.php?rest_route=\/wp\/v2\/pages\/95\/revisions"}],"predecessor-version":[{"id":96,"href":"https:\/\/debnaturopathe.com\/index.php?rest_route=\/wp\/v2\/pages\/95\/revisions\/96"}],"wp:featuredmedia":[{"embeddable":true,"href":"https:\/\/debnaturopathe.com\/index.php?rest_route=\/wp\/v2\/media\/102"}],"wp:attachment":[{"href":"https:\/\/debnaturopathe.com\/index.php?rest_route=%2Fwp%2Fv2%2Fmedia&parent=95"}],"curies":[{"name":"wp","href":"https:\/\/api.w.org\/{rel}","templated":true}]}}