{"id":40,"date":"2026-01-22T14:05:17","date_gmt":"2026-01-22T13:05:17","guid":{"rendered":"https:\/\/debnaturopathe.com\/?page_id=40"},"modified":"2026-01-22T15:15:22","modified_gmt":"2026-01-22T14:15:22","slug":"a-propos-de","status":"publish","type":"page","link":"https:\/\/debnaturopathe.com\/?page_id=40","title":{"rendered":"La Naturopathie"},"content":{"rendered":"\n<p class=\"has-medium-font-size\">Qu\u2019est-ce que la naturopathie&nbsp;?<\/p>\n\n\n\n<p>M\u00e9decine holistique, la naturopathie est la 3\u00e8me m\u00e9decine traditionnelle reconnue par l\u2019OMS apr\u00e8s l\u2019ayurv\u00e9da et la m\u00e9decine chinoise. Elle vous aide \u00e0 pr\u00e9server votre capital sant\u00e9 et vous rend acteur de celle-ci.<\/p>\n\n\n\n<p>Le naturopathe agit en \u00e9ducateur de sant\u00e9, et vous accompagne dans la mise en place d\u2019une hygi\u00e8ne de vie optimum par des conseils alimentaires, la gestion du stress, l\u2019activit\u00e9 physique et respiratoire, et autres techniques naturelles. Sa mission est de pr\u00e9venir la maladie, de conserver la sant\u00e9 ou d\u2019optimiser celle-ci par un mode de vie plus sain et totalement individualis\u00e9 afin d\u2019obtenir une sant\u00e9 globale durable \u00e0 l\u2019aide de moyens naturels.<\/p>\n\n\n\n<p>Dans cette mesure la naturopathie vise l\u2019harmonie g\u00e9n\u00e9rale de l\u2019organisme, tenant compte des diff\u00e9rents plans qui le composent (physique, mental, \u00e9motionnel, \u00e9nerg\u00e9tique).<\/p>\n\n\n\n<p>Je pratique une naturopathie pragmatique, non restrictive, et compl\u00e9mentaire \u00e0 l\u2019allopathie.<\/p>\n\n\n\n<p>La naturopathie c\u2019est un art de vivre qui vise \u00e0 prendre soin de soi en faisant les bons choix pour donner \u00e0 son corps ce dont il a besoin pour fonctionner de fa\u00e7on optimale, permettant d\u2019obtenir une bonne \u00e9nergie, de se renforcer de l\u2019int\u00e9rieur, pour \u00eatre bien dans son corps et bien dans sa t\u00eate.<\/p>\n\n\n\n<p class=\"has-medium-font-size\">POUR QUI ?<\/p>\n\n\n\n<p>La naturopathie s\u2019adresse \u00e0 tous ceux qui souhaitent am\u00e9liorer leur sant\u00e9 ou la pr\u00e9server. B\u00e9b\u00e9, enfant, actif ou s\u00e9nior, femme enceinte \u2026 Quel que soit votre probl\u00e8me, votre naturopathe saura vous accompagner pour vous apporter plus de confort et de sant\u00e9.<\/p>\n\n\n\n<p><\/p>\n","protected":false},"excerpt":{"rendered":"<p>Qu\u2019est-ce que la naturopathie&nbsp;? M\u00e9decine holistique, la naturopathie est la 3\u00e8me m\u00e9decine traditionnelle reconnue par l\u2019OMS apr\u00e8s l\u2019ayurv\u00e9da et la m\u00e9decine chinoise. Elle vous aide \u00e0 pr\u00e9server votre capital sant\u00e9 et vous rend acteur de celle-ci. Le naturopathe agit en \u00e9ducateur de sant\u00e9, et vous accompagne dans la mise en place d\u2019une hygi\u00e8ne de vie &hellip; <\/p>\n<p class=\"link-more\"><a href=\"https:\/\/debnaturopathe.com\/?page_id=40\" class=\"more-link\">Continue reading<span class=\"screen-reader-text\"> &#8220;La Naturopathie&#8221;<\/span><\/a><\/p>\n","protected":false},"author":1,"featured_media":85,"parent":0,"menu_order":0,"comment_status":"closed","ping_status":"closed","template":"","meta":{"footnotes":""},"class_list":["post-40","page","type-page","status-publish","has-post-thumbnail","hentry"],"_links":{"self":[{"href":"https:\/\/debnaturopathe.com\/index.php?rest_route=\/wp\/v2\/pages\/40","targetHints":{"allow":["GET"]}}],"collection":[{"href":"https:\/\/debnaturopathe.com\/index.php?rest_route=\/wp\/v2\/pages"}],"about":[{"href":"https:\/\/debnaturopathe.com\/index.php?rest_route=\/wp\/v2\/types\/page"}],"author":[{"embeddable":true,"href":"https:\/\/debnaturopathe.com\/index.php?rest_route=\/wp\/v2\/users\/1"}],"replies":[{"embeddable":true,"href":"https:\/\/debnaturopathe.com\/index.php?rest_route=%2Fwp%2Fv2%2Fcomments&post=40"}],"version-history":[{"count":7,"href":"https:\/\/debnaturopathe.com\/index.php?rest_route=\/wp\/v2\/pages\/40\/revisions"}],"predecessor-version":[{"id":84,"href":"https:\/\/debnaturopathe.com\/index.php?rest_route=\/wp\/v2\/pages\/40\/revisions\/84"}],"wp:featuredmedia":[{"embeddable":true,"href":"https:\/\/debnaturopathe.com\/index.php?rest_route=\/wp\/v2\/media\/85"}],"wp:attachment":[{"href":"https:\/\/debnaturopathe.com\/index.php?rest_route=%2Fwp%2Fv2%2Fmedia&parent=40"}],"curies":[{"name":"wp","href":"https:\/\/api.w.org\/{rel}","templated":true}]}}