{"id":39,"date":"2026-01-22T14:05:17","date_gmt":"2026-01-22T13:05:17","guid":{"rendered":"https:\/\/debnaturopathe.com\/?page_id=39"},"modified":"2026-01-22T14:44:54","modified_gmt":"2026-01-22T13:44:54","slug":"accueil","status":"publish","type":"page","link":"https:\/\/debnaturopathe.com\/","title":{"rendered":"Accueil"},"content":{"rendered":"\n<p>Je m\u2019appelle D\u00e9borah WENNER et je suis Naturopathe dipl\u00f4m\u00e9e d\u2019ISUPNAT.<\/p>\n\n\n\n<p>Je vous accompagne lors de consultations pour vous aider \u00e0 retrouver votre bien-\u00eatre ou le conserver.<\/p>\n\n\n\n<p>Je vous re\u00e7ois les jeudis, vendredis et samedis matin dans mon cabinet situ\u00e9 au 2 Rue de la Gare, 57910 HAMBACH.<\/p>\n\n\n\n<p><\/p>\n","protected":false},"excerpt":{"rendered":"<p>Je m\u2019appelle D\u00e9borah WENNER et je suis Naturopathe dipl\u00f4m\u00e9e d\u2019ISUPNAT. Je vous accompagne lors de consultations pour vous aider \u00e0 retrouver votre bien-\u00eatre ou le conserver. Je vous re\u00e7ois les jeudis, vendredis et samedis matin dans mon cabinet situ\u00e9 au 2 Rue de la Gare, 57910 HAMBACH.<\/p>\n","protected":false},"author":1,"featured_media":0,"parent":0,"menu_order":0,"comment_status":"closed","ping_status":"closed","template":"","meta":{"footnotes":""},"class_list":["post-39","page","type-page","status-publish","hentry"],"_links":{"self":[{"href":"https:\/\/debnaturopathe.com\/index.php?rest_route=\/wp\/v2\/pages\/39","targetHints":{"allow":["GET"]}}],"collection":[{"href":"https:\/\/debnaturopathe.com\/index.php?rest_route=\/wp\/v2\/pages"}],"about":[{"href":"https:\/\/debnaturopathe.com\/index.php?rest_route=\/wp\/v2\/types\/page"}],"author":[{"embeddable":true,"href":"https:\/\/debnaturopathe.com\/index.php?rest_route=\/wp\/v2\/users\/1"}],"replies":[{"embeddable":true,"href":"https:\/\/debnaturopathe.com\/index.php?rest_route=%2Fwp%2Fv2%2Fcomments&post=39"}],"version-history":[{"count":3,"href":"https:\/\/debnaturopathe.com\/index.php?rest_route=\/wp\/v2\/pages\/39\/revisions"}],"predecessor-version":[{"id":83,"href":"https:\/\/debnaturopathe.com\/index.php?rest_route=\/wp\/v2\/pages\/39\/revisions\/83"}],"wp:attachment":[{"href":"https:\/\/debnaturopathe.com\/index.php?rest_route=%2Fwp%2Fv2%2Fmedia&parent=39"}],"curies":[{"name":"wp","href":"https:\/\/api.w.org\/{rel}","templated":true}]}}